{"id":54,"date":"2021-11-09T09:33:56","date_gmt":"2021-11-09T09:33:56","guid":{"rendered":"https:\/\/www.stomp.cz\/?page_id=54"},"modified":"2025-06-05T07:38:04","modified_gmt":"2025-06-05T07:38:04","slug":"home","status":"publish","type":"page","link":"https:\/\/www.stomp.cz\/","title":{"rendered":"HOME"},"content":{"rendered":"<p>[et_pb_section fb_built=&#8220;1&#8243; specialty=&#8220;on&#8220; padding_top_1=&#8220;60px&#8220; padding_1_tablet=&#8220;0px||&#8220; padding_1_phone=&#8220;&#8220; padding_1_last_edited=&#8220;on|tablet&#8220; admin_label=&#8220;Header&#8220; _builder_version=&#8220;3.22&#8243; custom_padding=&#8220;||1px|||&#8220;][et_pb_column type=&#8220;1_2&#8243; specialty_columns=&#8220;2&#8243; _builder_version=&#8220;3.25&#8243; custom_padding=&#8220;|||&#8220; padding_top__hover=&#8220;60px&#8220; parallax__hover=&#8220;off&#8220; parallax_method__hover=&#8220;on&#8220; padding_tablet__hover=&#8220;0px||&#8220; padding_last_edited__hover=&#8220;on|tablet&#8220; padding_tablet=&#8220;0px||&#8220; padding_last_edited=&#8220;on|tablet&#8220; custom_padding__hover=&#8220;|||&#8220;][et_pb_row_inner _builder_version=&#8220;3.25&#8243;][et_pb_column_inner saved_specialty_column_type=&#8220;1_2&#8243; _builder_version=&#8220;3.25&#8243; custom_padding=&#8220;|||&#8220; parallax__hover=&#8220;off&#8220; parallax_method__hover=&#8220;on&#8220; custom_padding__hover=&#8220;|||&#8220;][et_pb_text _builder_version=&#8220;4.7.4&#8243; text_font=&#8220;||||||||&#8220; text_line_height=&#8220;2em&#8220; header_font=&#8220;Poppins|600|||||||&#8220; header_font_size=&#8220;50px&#8220; header_line_height=&#8220;1.3em&#8220; header_font_size_tablet=&#8220;30px&#8220; header_font_size_phone=&#8220;24px&#8220; header_font_size_last_edited=&#8220;on|phone&#8220;]<\/p>\n<h1 style=\"text-align: center;\">We Create Apps&nbsp;<\/h1>\n<p>[\/et_pb_text][\/et_pb_column_inner][\/et_pb_row_inner][\/et_pb_column][et_pb_column type=&#8220;1_2&#8243; _builder_version=&#8220;3.25&#8243; custom_padding=&#8220;|||&#8220; parallax__hover=&#8220;off&#8220; parallax_method__hover=&#8220;on&#8220; custom_padding__hover=&#8220;|||&#8220;][et_pb_image src=&#8220;https:\/\/www.stomp.cz\/wp-content\/uploads\/2021\/10\/Asset-1.png&#8220; align_tablet=&#8220;center&#8220; align_phone=&#8220;&#8220; align_last_edited=&#8220;on|desktop&#8220; _builder_version=&#8220;4.7.4&#8243; custom_margin=&#8220;-120px|-10vw||-10%&#8220; custom_margin_tablet=&#8220;0px|10vw||10vw||true&#8220; custom_margin_phone=&#8220;&#8220; custom_margin_last_edited=&#8220;on|desktop&#8220; animation_style=&#8220;roll&#8220; animation_direction=&#8220;top&#8220; animation_intensity_roll=&#8220;1%&#8220;][\/et_pb_image][\/et_pb_column][\/et_pb_section][et_pb_section fb_built=&#8220;1&#8243; admin_label=&#8220;Process&#8220; _builder_version=&#8220;3.22&#8243; custom_padding=&#8220;45px||3px|||&#8220; locked=&#8220;off&#8220;][et_pb_row _builder_version=&#8220;3.25&#8243; locked=&#8220;off&#8220;][et_pb_column type=&#8220;4_4&#8243; _builder_version=&#8220;3.25&#8243; custom_padding=&#8220;|||&#8220; custom_padding__hover=&#8220;|||&#8220;][et_pb_text _builder_version=&#8220;4.7.4&#8243; text_font=&#8220;||||||||&#8220; text_line_height=&#8220;2em&#8220; header_font=&#8220;Poppins|600|||||||&#8220; header_font_size=&#8220;40px&#8220; header_line_height=&#8220;1.3em&#8220; header_2_font=&#8220;Poppins|600|||||||&#8220; header_2_font_size=&#8220;32px&#8220; header_2_line_height=&#8220;1.6em&#8220; text_orientation=&#8220;center&#8220; max_width=&#8220;700px&#8220; module_alignment=&#8220;center&#8220; header_2_font_size_tablet=&#8220;24px&#8220; header_2_font_size_phone=&#8220;18px&#8220; header_2_font_size_last_edited=&#8220;on|phone&#8220; locked=&#8220;off&#8220;]<\/p>\n<h2>Jak to u n\u00e1s funguje<\/h2>\n<p>[\/et_pb_text][\/et_pb_column][\/et_pb_row][et_pb_row column_structure=&#8220;1_3,1_3,1_3&#8243; _builder_version=&#8220;3.25&#8243;][et_pb_column type=&#8220;1_3&#8243; _builder_version=&#8220;3.25&#8243; custom_padding=&#8220;|||&#8220; custom_padding__hover=&#8220;|||&#8220;][et_pb_image src=&#8220;https:\/\/www.stomp.cz\/wp-content\/uploads\/2021\/10\/app-developer-icon-small-08.png&#8220; title_text=&#8220;app-developer-icon-small-08&#8243; align=&#8220;right&#8220; _builder_version=&#8220;4.7.4&#8243; max_width=&#8220;45px&#8220; custom_margin=&#8220;60px||&#8220; custom_margin_tablet=&#8220;&#8220; custom_margin_phone=&#8220;&#8220; custom_margin_last_edited=&#8220;on|tablet&#8220; always_center_on_mobile=&#8220;off&#8220;][\/et_pb_image][et_pb_text _builder_version=&#8220;4.7.4&#8243; text_font=&#8220;||||||||&#8220; text_line_height=&#8220;2em&#8220; header_font=&#8220;||||||||&#8220; header_3_font=&#8220;Poppins|600||on|||||&#8220; header_3_font_size=&#8220;16px&#8220; header_3_letter_spacing=&#8220;1px&#8220; header_3_line_height=&#8220;1.6em&#8220; text_orientation=&#8220;right&#8220; locked=&#8220;off&#8220;]<\/p>\n<h3><span class=\"JsGRdQ\">Siln\u00fd a zaj\u00edmav\u00fd n\u00e1pad.<\/span><\/h3>\n<p class=\"_04xlpA direction-ltr align-start para-style-body\"><span class=\"JsGRdQ\">Ka\u017ed\u00e1 dobr\u00e1 aplikace za\u010d\u00edn\u00e1 v\u00fdborn\u00fdm n\u00e1padem.&nbsp;<\/span><span class=\"JsGRdQ white-space-prewrap\"><\/span><span class=\"JsGRdQ\">A pr\u00e1v\u011b ten n\u00e1pad v\u00e1m dok\u00e1\u017eeme zrealizovat.&nbsp;<\/span><span class=\"JsGRdQ\">Pom\u016f\u017eeme v\u00e1m definovat zad\u00e1n\u00ed a porad\u00edme ohledn\u011b technick\u00fdch mo\u017enost\u00ed.<\/span><\/p>\n<p>[\/et_pb_text][et_pb_image src=&#8220;https:\/\/www.stomp.cz\/wp-content\/uploads\/2021\/10\/app-developer-icon-small-01.png&#8220; align=&#8220;right&#8220; _builder_version=&#8220;4.7.4&#8243; max_width=&#8220;45px&#8220; custom_margin=&#8220;60px||&#8220; custom_margin_tablet=&#8220;&#8220; custom_margin_phone=&#8220;&#8220; custom_margin_last_edited=&#8220;on|tablet&#8220; always_center_on_mobile=&#8220;off&#8220; locked=&#8220;off&#8220;][\/et_pb_image][et_pb_text _builder_version=&#8220;4.7.4&#8243; text_font=&#8220;||||||||&#8220; text_line_height=&#8220;2em&#8220; header_font=&#8220;||||||||&#8220; header_3_font=&#8220;Poppins|600||on|||||&#8220; header_3_font_size=&#8220;16px&#8220; header_3_letter_spacing=&#8220;1px&#8220; header_3_line_height=&#8220;1.6em&#8220; text_orientation=&#8220;right&#8220; locked=&#8220;off&#8220;]<\/p>\n<h3><span class=\"JsGRdQ\">Program\u00e1to\u0159i tvo\u0159\u00ed d\u00edlo.<\/span><\/h3>\n<p><span class=\"JsGRdQ\">Project manager rozd\u011bl\u00ed pr\u00e1ci mezi v\u00fdvoj\u00e1\u0159e a za\u010d\u00edn\u00e1 se v\u00fdvojem mobiln\u00ed aplikace. Pr\u00e1ci v\u00e1m pr\u016fb\u011b\u017en\u011b ukazujeme, m\u016f\u017eeme nad\u00e1le upravovat zad\u00e1n\u00ed. Aplikaci tak\u00e9 testujeme &#8211; d\u00edky tomu odhal\u00edme p\u0159\u00edpadn\u00e9 chyby.<\/span>[\/et_pb_text][\/et_pb_column][et_pb_column type=&#8220;1_3&#8243; _builder_version=&#8220;3.25&#8243; custom_padding=&#8220;|||&#8220; custom_padding__hover=&#8220;|||&#8220;][et_pb_image src=&#8220;https:\/\/www.stomp.cz\/wp-content\/uploads\/2021\/10\/Asset-3.png&#8220; align_tablet=&#8220;center&#8220; align_phone=&#8220;&#8220; align_last_edited=&#8220;on|desktop&#8220; _builder_version=&#8220;4.7.4&#8243; height_tablet=&#8220;&#8220; height_phone=&#8220;202px&#8220; height_last_edited=&#8220;on|phone&#8220; animation_style=&#8220;fade&#8220;][\/et_pb_image][\/et_pb_column][et_pb_column type=&#8220;1_3&#8243; _builder_version=&#8220;3.25&#8243; custom_padding=&#8220;|||&#8220; custom_padding__hover=&#8220;|||&#8220;][et_pb_image src=&#8220;https:\/\/www.stomp.cz\/wp-content\/uploads\/2021\/10\/app-developer-icon-small-04.png&#8220; _builder_version=&#8220;4.7.4&#8243; max_width=&#8220;45px&#8220; custom_margin=&#8220;60px||&#8220; custom_margin_tablet=&#8220;&#8220; custom_margin_phone=&#8220;&#8220; custom_margin_last_edited=&#8220;on|tablet&#8220; always_center_on_mobile=&#8220;off&#8220; locked=&#8220;off&#8220;][\/et_pb_image][et_pb_text _builder_version=&#8220;4.7.4&#8243; text_font=&#8220;||||||||&#8220; text_line_height=&#8220;2em&#8220; header_font=&#8220;||||||||&#8220; header_3_font=&#8220;Poppins|600||on|||||&#8220; header_3_font_size=&#8220;16px&#8220; header_3_letter_spacing=&#8220;1px&#8220; header_3_line_height=&#8220;1.6em&#8220; locked=&#8220;off&#8220;]<\/p>\n<h3>Specifikace aplikace.<\/h3>\n<p><span class=\"JsGRdQ\">Precizn\u011b sepsan\u00e9 po\u017eadavky jsou nutn\u00e9. D\u00e1le p\u0159ich\u00e1z\u00ed na \u0159adu technologick\u00e1 anal\u00fdza a seps\u00e1n\u00ed p\u0159esn\u00e9 zad\u00e1v\u00e1c\u00ed specifikace &#8211; to v\u0161e s v\u00e1mi vy\u0159e\u0161\u00ed Project manager. A nesm\u00edme zapomenout na stanoven\u00ed ceny.<\/span>[\/et_pb_text][et_pb_image src=&#8220;https:\/\/www.stomp.cz\/wp-content\/uploads\/2021\/10\/app-12.png&#8220; _builder_version=&#8220;4.7.4&#8243; max_width=&#8220;45px&#8220; custom_margin=&#8220;36px||||false|false&#8220; custom_margin_tablet=&#8220;&#8220; custom_margin_phone=&#8220;&#8220; custom_margin_last_edited=&#8220;on|tablet&#8220; always_center_on_mobile=&#8220;off&#8220; locked=&#8220;off&#8220;][\/et_pb_image][et_pb_text _builder_version=&#8220;4.7.4&#8243; text_font=&#8220;||||||||&#8220; text_line_height=&#8220;2em&#8220; header_font=&#8220;||||||||&#8220; header_3_font=&#8220;Poppins|600||on|||||&#8220; header_3_font_size=&#8220;16px&#8220; header_3_letter_spacing=&#8220;1px&#8220; header_3_line_height=&#8220;1.6em&#8220; locked=&#8220;off&#8220;]<\/p>\n<h3><span class=\"JsGRdQ\">Prvn\u00ed verze aplikace je na storech.<\/span><\/h3>\n<p><span class=\"JsGRdQ\">Va\u0161e aplikace pr\u00e1v\u011b spat\u0159ila sv\u011btlo sv\u011bta a vstoupila do obchod\u016f pro aplikace. Nyn\u00ed ji\u017e nebr\u00e1n\u00ed nic tomu, abyste se mohli v\u0161ude chlubit. A my pokra\u010dujeme na dal\u0161\u00edm v\u00fdvoji. Aplikace se mus\u00ed nad\u00e1le ud\u017eovat, nebo ji roz\u0161i\u0159ujeme na dal\u0161\u00ed verze.<\/span>[\/et_pb_text][\/et_pb_column][\/et_pb_row][\/et_pb_section][et_pb_section fb_built=&#8220;1&#8243; admin_label=&#8220;About&#8220; _builder_version=&#8220;3.22&#8243; custom_padding=&#8220;||4px|||&#8220;][et_pb_row _builder_version=&#8220;4.7.4&#8243; _module_preset=&#8220;default&#8220;][et_pb_column type=&#8220;4_4&#8243; _builder_version=&#8220;4.7.4&#8243; _module_preset=&#8220;default&#8220;][et_pb_text _builder_version=&#8220;4.7.4&#8243; text_font=&#8220;||||||||&#8220; text_line_height=&#8220;2em&#8220; header_font=&#8220;Poppins|600|||||||&#8220; header_font_size=&#8220;40px&#8220; header_line_height=&#8220;1.3em&#8220; header_2_font=&#8220;Poppins|600|||||||&#8220; header_2_font_size=&#8220;32px&#8220; header_2_line_height=&#8220;1.6em&#8220; text_orientation=&#8220;center&#8220; max_width=&#8220;700px&#8220; module_alignment=&#8220;center&#8220; header_2_font_size_tablet=&#8220;24px&#8220; header_2_font_size_phone=&#8220;18px&#8220; header_2_font_size_last_edited=&#8220;on|phone&#8220; locked=&#8220;off&#8220;]<\/p>\n<h2>Aplikace z d\u00edlny STOMPu<\/h2>\n<p>[\/et_pb_text][\/et_pb_column][\/et_pb_row][et_pb_row column_structure=&#8220;1_2,1_2&#8243; _builder_version=&#8220;4.7.4&#8243; _module_preset=&#8220;default&#8220;][et_pb_column type=&#8220;1_2&#8243; _builder_version=&#8220;4.7.4&#8243; _module_preset=&#8220;default&#8220;][et_pb_text _builder_version=&#8220;4.7.4&#8243; text_font=&#8220;||||||||&#8220; text_line_height=&#8220;2em&#8220; header_font=&#8220;Poppins|600|||||||&#8220; header_font_size=&#8220;40px&#8220; header_line_height=&#8220;1.3em&#8220; header_2_font=&#8220;Poppins|600|||||||&#8220; header_2_font_size=&#8220;32px&#8220; header_2_line_height=&#8220;1.6em&#8220; text_orientation=&#8220;center&#8220; max_width=&#8220;700px&#8220; module_alignment=&#8220;center&#8220; header_2_font_size_tablet=&#8220;24px&#8220; header_2_font_size_phone=&#8220;18px&#8220; header_2_font_size_last_edited=&#8220;on|phone&#8220; locked=&#8220;off&#8220;]<\/p>\n<h2 style=\"text-align: left;\">uniPAY &#8211; mobiln\u00ed aplikace pro \u0159idi\u010de<\/h2>\n<p>[\/et_pb_text][\/et_pb_column][et_pb_column type=&#8220;1_2&#8243; _builder_version=&#8220;4.7.4&#8243; _module_preset=&#8220;default&#8220;][et_pb_image src=&#8220;https:\/\/www.stomp.cz\/wp-content\/uploads\/2021\/11\/qr.png&#8220; _builder_version=&#8220;4.7.4&#8243; _module_preset=&#8220;default&#8220;][\/et_pb_image][\/et_pb_column][\/et_pb_row][et_pb_row column_structure=&#8220;1_2,1_2&#8243; _builder_version=&#8220;3.25&#8243;][et_pb_column type=&#8220;1_2&#8243; _builder_version=&#8220;3.25&#8243; custom_padding=&#8220;|||&#8220; custom_padding__hover=&#8220;|||&#8220;][et_pb_text _builder_version=&#8220;4.7.4&#8243; text_font=&#8220;||||||||&#8220; text_font_size=&#8220;18px&#8220; text_line_height=&#8220;2em&#8220; header_font=&#8220;Poppins|600|||||||&#8220; header_font_size=&#8220;40px&#8220; header_line_height=&#8220;1.3em&#8220; text_font_size_tablet=&#8220;16px&#8220; text_font_size_phone=&#8220;14px&#8220; text_font_size_last_edited=&#8220;on|phone&#8220; locked=&#8220;off&#8220;]Mobiln\u00ed aplikace <strong class=\"appname\">uni<span>PAY<\/span><\/strong> je jedine\u010dn\u00fdm n\u00e1strojem posouvaj\u00edc\u00edm tankov\u00e1n\u00ed pohonn\u00fdch hmot na zcela novou \u00farove\u0148.[\/et_pb_text][\/et_pb_column][et_pb_column type=&#8220;1_2&#8243; _builder_version=&#8220;3.25&#8243; custom_padding=&#8220;|||&#8220; custom_padding__hover=&#8220;|||&#8220;][et_pb_image src=&#8220;https:\/\/www.stomp.cz\/wp-content\/uploads\/2021\/11\/map.png&#8220; align_tablet=&#8220;center&#8220; align_phone=&#8220;left&#8220; align_last_edited=&#8220;on|phone&#8220; _builder_version=&#8220;4.7.4&#8243; width=&#8220;80%&#8220; max_height=&#8220;416px&#8220; custom_margin=&#8220;|-10vw||&#8220; custom_margin_tablet=&#8220;||&#8220; custom_margin_phone=&#8220;&#8220; custom_margin_last_edited=&#8220;on|phone&#8220; animation_style=&#8220;slide&#8220; animation_direction=&#8220;right&#8220; animation_intensity_slide=&#8220;2%&#8220;][\/et_pb_image][\/et_pb_column][\/et_pb_row][\/et_pb_section][et_pb_section fb_built=&#8220;1&#8243; admin_label=&#8220;Project Request&#8220; _builder_version=&#8220;3.22&#8243; use_background_color_gradient=&#8220;on&#8220; background_color_gradient_start=&#8220;#3cd1ff&#8220; background_color_gradient_end=&#8220;#1ca5ff&#8220; custom_margin=&#8220;|6vw||6vw||true&#8220; custom_padding=&#8220;|30px|2px|30px||true&#8220; border_radii=&#8220;on|8px|8px|8px|8px&#8220; box_shadow_style=&#8220;preset3&#8243; box_shadow_vertical=&#8220;45px&#8220; box_shadow_blur=&#8220;135px&#8220; box_shadow_spread=&#8220;-45px&#8220; box_shadow_color=&#8220;rgba(28,165,255,0.76)&#8220; locked=&#8220;off&#8220;][et_pb_row _builder_version=&#8220;3.25&#8243; locked=&#8220;off&#8220;][et_pb_column type=&#8220;4_4&#8243; _builder_version=&#8220;3.25&#8243; custom_padding=&#8220;|||&#8220; custom_padding__hover=&#8220;|||&#8220;][et_pb_text _builder_version=&#8220;4.7.4&#8243; text_font=&#8220;||||||||&#8220; text_line_height=&#8220;2em&#8220; header_font=&#8220;Poppins|600|||||||&#8220; header_font_size=&#8220;40px&#8220; header_line_height=&#8220;1.3em&#8220; header_2_font=&#8220;Poppins|600|||||||&#8220; header_2_font_size=&#8220;32px&#8220; header_2_line_height=&#8220;1.6em&#8220; text_orientation=&#8220;center&#8220; background_layout=&#8220;dark&#8220; max_width=&#8220;700px&#8220; module_alignment=&#8220;center&#8220; header_2_font_size_tablet=&#8220;24px&#8220; header_2_font_size_phone=&#8220;18px&#8220; header_2_font_size_last_edited=&#8220;on|phone&#8220; locked=&#8220;off&#8220;]<\/p>\n<h2>Jste p\u0159ipraveni va\u0161im n\u00e1pad\u016fm vdechnout \u017eivot?<\/h2>\n<p>&nbsp;<\/p>\n<p><span style=\"font-size: large;\">Kontaktujte n\u00e1s a spole\u010dn\u011b vymysl\u00edme \u0159e\u0161en\u00ed.<\/span><\/p>\n<p>&nbsp;<\/p>\n<p><span style=\"font-size: x-large;\"><strong>Ozv\u011bte se n\u00e1m: info@stomp.cz<\/strong><\/span><\/p>\n<p>&nbsp;<\/p>\n<p>&nbsp;<\/p>\n<p>&nbsp;[\/et_pb_text][\/et_pb_column][\/et_pb_row][\/et_pb_section][et_pb_section fb_built=&#8220;1&#8243; _builder_version=&#8220;4.7.4&#8243; _module_preset=&#8220;default&#8220; custom_padding=&#8220;7px||6px|||&#8220;][et_pb_row _builder_version=&#8220;4.7.4&#8243; _module_preset=&#8220;default&#8220;][et_pb_column type=&#8220;4_4&#8243; _builder_version=&#8220;4.7.4&#8243; _module_preset=&#8220;default&#8220;][et_pb_text _builder_version=&#8220;4.7.4&#8243; _module_preset=&#8220;default&#8220; text_font=&#8220;|700|||||||&#8220; text_font_size=&#8220;16px&#8220; text_orientation=&#8220;center&#8220; hover_enabled=&#8220;0&#8243; sticky_enabled=&#8220;0&#8243;]<\/p>\n<p>Firemn\u00ed \u00fadaje:\u00a0STOMP s.r.o., I\u010c: 27626334 DI\u010c: CZ27626334,\u00a0<span>Na okraji 381\/41, Veleslav\u00edn, 162 00 Praha 6<\/span><\/p>\n<p>[\/et_pb_text][\/et_pb_column][\/et_pb_row][\/et_pb_section]<\/p>\n","protected":false},"excerpt":{"rendered":"<p>[et_pb_section fb_built=&#8220;1&#8243; specialty=&#8220;on&#8220; padding_top_1=&#8220;60px&#8220; padding_1_tablet=&#8220;0px||&#8220; padding_1_phone=&#8220;&#8220; padding_1_last_edited=&#8220;on|tablet&#8220; admin_label=&#8220;Header&#8220; _builder_version=&#8220;3.22&#8243; custom_padding=&#8220;||1px|||&#8220;][et_pb_column type=&#8220;1_2&#8243; specialty_columns=&#8220;2&#8243; _builder_version=&#8220;3.25&#8243; custom_padding=&#8220;|||&#8220; padding_top__hover=&#8220;60px&#8220; parallax__hover=&#8220;off&#8220; parallax_method__hover=&#8220;on&#8220; padding_tablet__hover=&#8220;0px||&#8220; padding_last_edited__hover=&#8220;on|tablet&#8220; padding_tablet=&#8220;0px||&#8220; padding_last_edited=&#8220;on|tablet&#8220; custom_padding__hover=&#8220;|||&#8220;][et_pb_row_inner _builder_version=&#8220;3.25&#8243;][et_pb_column_inner saved_specialty_column_type=&#8220;1_2&#8243; _builder_version=&#8220;3.25&#8243; custom_padding=&#8220;|||&#8220; parallax__hover=&#8220;off&#8220; parallax_method__hover=&#8220;on&#8220; custom_padding__hover=&#8220;|||&#8220;][et_pb_text _builder_version=&#8220;4.7.4&#8243; text_font=&#8220;||||||||&#8220; text_line_height=&#8220;2em&#8220; header_font=&#8220;Poppins|600|||||||&#8220; header_font_size=&#8220;50px&#8220; header_line_height=&#8220;1.3em&#8220; header_font_size_tablet=&#8220;30px&#8220; header_font_size_phone=&#8220;24px&#8220; header_font_size_last_edited=&#8220;on|phone&#8220;] We Create Apps&nbsp; [\/et_pb_text][\/et_pb_column_inner][\/et_pb_row_inner][\/et_pb_column][et_pb_column type=&#8220;1_2&#8243; _builder_version=&#8220;3.25&#8243; custom_padding=&#8220;|||&#8220; parallax__hover=&#8220;off&#8220; parallax_method__hover=&#8220;on&#8220; custom_padding__hover=&#8220;|||&#8220;][et_pb_image src=&#8220;https:\/\/www.stomp.cz\/wp-content\/uploads\/2021\/10\/Asset-1.png&#8220; align_tablet=&#8220;center&#8220; align_phone=&#8220;&#8220; align_last_edited=&#8220;on|desktop&#8220; _builder_version=&#8220;4.7.4&#8243; custom_margin=&#8220;-120px|-10vw||-10%&#8220; custom_margin_tablet=&#8220;0px|10vw||10vw||true&#8220; [&hellip;]<\/p>\n","protected":false},"author":1,"featured_media":0,"parent":0,"menu_order":0,"comment_status":"closed","ping_status":"closed","template":"page-template-blank.php","meta":{"_et_pb_use_builder":"on","_et_pb_old_content":"","_et_gb_content_width":"","footnotes":""},"class_list":["post-54","page","type-page","status-publish","hentry"],"_links":{"self":[{"href":"https:\/\/www.stomp.cz\/index.php?rest_route=\/wp\/v2\/pages\/54","targetHints":{"allow":["GET"]}}],"collection":[{"href":"https:\/\/www.stomp.cz\/index.php?rest_route=\/wp\/v2\/pages"}],"about":[{"href":"https:\/\/www.stomp.cz\/index.php?rest_route=\/wp\/v2\/types\/page"}],"author":[{"embeddable":true,"href":"https:\/\/www.stomp.cz\/index.php?rest_route=\/wp\/v2\/users\/1"}],"replies":[{"embeddable":true,"href":"https:\/\/www.stomp.cz\/index.php?rest_route=%2Fwp%2Fv2%2Fcomments&post=54"}],"version-history":[{"count":15,"href":"https:\/\/www.stomp.cz\/index.php?rest_route=\/wp\/v2\/pages\/54\/revisions"}],"predecessor-version":[{"id":94,"href":"https:\/\/www.stomp.cz\/index.php?rest_route=\/wp\/v2\/pages\/54\/revisions\/94"}],"wp:attachment":[{"href":"https:\/\/www.stomp.cz\/index.php?rest_route=%2Fwp%2Fv2%2Fmedia&parent=54"}],"curies":[{"name":"wp","href":"https:\/\/api.w.org\/{rel}","templated":true}]}}